{"id":1945,"date":"2023-11-29T12:24:00","date_gmt":"2023-11-29T12:24:00","guid":{"rendered":"https:\/\/santospi.com\/?page_id=1945"},"modified":"2023-12-16T02:57:44","modified_gmt":"2023-12-16T02:57:44","slug":"politica-de-privacidad","status":"publish","type":"page","link":"https:\/\/santospi.com\/en\/politica-de-privacidad","title":{"rendered":"Privacy Policy"},"content":{"rendered":"<div data-elementor-type=\"wp-page\" data-elementor-id=\"1945\" class=\"elementor elementor-1945\">\n\t\t\t\t\t\t\t<div class=\"elementor-element elementor-element-o2k5s7m e-flex e-con-boxed e-con e-parent\" data-id=\"o2k5s7m\" data-element_type=\"container\" data-settings=\"{&quot;background_background&quot;:&quot;classic&quot;,&quot;container_type&quot;:&quot;flex&quot;,&quot;content_width&quot;:&quot;boxed&quot;}\" data-core-v316-plus=\"true\">\n\t\t\t\t\t<div class=\"e-con-inner\">\n\t\t<div class=\"elementor-element elementor-element-4068cfc e-con-full e-flex e-con e-child\" data-id=\"4068cfc\" data-element_type=\"container\" data-settings=\"{&quot;content_width&quot;:&quot;full&quot;,&quot;container_type&quot;:&quot;flex&quot;}\">\n\t\t\t\t<div class=\"elementor-element elementor-element-8fe5cbe elementor-widget elementor-widget-heading\" data-id=\"8fe5cbe\" data-element_type=\"widget\" data-widget_type=\"heading.default\">\n\t\t\t\t<div class=\"elementor-widget-container\">\n\t\t\t<style>\/*! elementor - v3.18.0 - 08-12-2023 *\/\n.elementor-heading-title{padding:0;margin:0;line-height:1}.elementor-widget-heading .elementor-heading-title[class*=elementor-size-]>a{color:inherit;font-size:inherit;line-height:inherit}.elementor-widget-heading .elementor-heading-title.elementor-size-small{font-size:15px}.elementor-widget-heading .elementor-heading-title.elementor-size-medium{font-size:19px}.elementor-widget-heading .elementor-heading-title.elementor-size-large{font-size:29px}.elementor-widget-heading .elementor-heading-title.elementor-size-xl{font-size:39px}.elementor-widget-heading .elementor-heading-title.elementor-size-xxl{font-size:59px}<\/style><h1 class=\"elementor-heading-title elementor-size-default\">Privacy Policy\n<\/h1>\t\t<\/div>\n\t\t\t\t<\/div>\n\t\t\t\t<\/div>\n\t\t\t\t\t<\/div>\n\t\t\t\t<\/div>\n\t\t<div class=\"elementor-element elementor-element-0janfhe e-flex e-con-boxed e-con e-parent\" data-id=\"0janfhe\" data-element_type=\"container\" data-settings=\"{&quot;container_type&quot;:&quot;flex&quot;,&quot;content_width&quot;:&quot;boxed&quot;}\" data-core-v316-plus=\"true\">\n\t\t\t\t\t<div class=\"e-con-inner\">\n\t\t<div class=\"elementor-element elementor-element-f51f648 e-con-full e-flex e-con e-child\" data-id=\"f51f648\" data-element_type=\"container\" data-settings=\"{&quot;background_background&quot;:&quot;classic&quot;,&quot;content_width&quot;:&quot;full&quot;,&quot;container_type&quot;:&quot;flex&quot;}\">\n\t\t\t\t<div class=\"elementor-element elementor-element-54d8100 elementor-widget elementor-widget-heading\" data-id=\"54d8100\" data-element_type=\"widget\" data-widget_type=\"heading.default\">\n\t\t\t\t<div class=\"elementor-widget-container\">\n\t\t\t<h5 class=\"elementor-heading-title elementor-size-default\">1. IDENTIFICATION\n\n<\/h5>\t\t<\/div>\n\t\t\t\t<\/div>\n\t\t\t\t<div class=\"elementor-element elementor-element-56f59d8 elementor-widget elementor-widget-text-editor\" data-id=\"56f59d8\" data-element_type=\"widget\" data-widget_type=\"text-editor.default\">\n\t\t\t\t<div class=\"elementor-widget-container\">\n\t\t\t<style>\/*! elementor - v3.18.0 - 08-12-2023 *\/\n.elementor-widget-text-editor.elementor-drop-cap-view-stacked .elementor-drop-cap{background-color:#69727d;color:#fff}.elementor-widget-text-editor.elementor-drop-cap-view-framed .elementor-drop-cap{color:#69727d;border:3px solid;background-color:transparent}.elementor-widget-text-editor:not(.elementor-drop-cap-view-default) .elementor-drop-cap{margin-top:8px}.elementor-widget-text-editor:not(.elementor-drop-cap-view-default) .elementor-drop-cap-letter{width:1em;height:1em}.elementor-widget-text-editor .elementor-drop-cap{float:left;text-align:center;line-height:1;font-size:50px}.elementor-widget-text-editor .elementor-drop-cap-letter{display:inline-block}<\/style>\t\t\t\t<ul>\n \t<li>Identity: SANTOS PROPIEDAD INDUSTRIAL, S.L.<\/li>\n \t<li>NIF: B81734246<\/li>\n \t<li>Address: Urb Montepr\u00edncipe. P\u00ba Sauces 14, 22. 28660 Boadilla del Monte (Madrid) SPAIN<\/li>\n \t<li>Data Protection Officer (DPO): you can contact our DPO through the following means:<\/li>\n<\/ul>\nEmail: info@santospi.es <br>\nIndicating in the reference \u201cData Protection Officer\u201d.\t\t\t\t\t\t<\/div>\n\t\t\t\t<\/div>\n\t\t\t\t<div class=\"elementor-element elementor-element-4ba5781 elementor-widget elementor-widget-heading\" data-id=\"4ba5781\" data-element_type=\"widget\" data-widget_type=\"heading.default\">\n\t\t\t\t<div class=\"elementor-widget-container\">\n\t\t\t<h5 class=\"elementor-heading-title elementor-size-default\">2. INFORMATION AND CONSENT\n\n\n\n<\/h5>\t\t<\/div>\n\t\t\t\t<\/div>\n\t\t\t\t<div class=\"elementor-element elementor-element-b49ce3e elementor-widget elementor-widget-text-editor\" data-id=\"b49ce3e\" data-element_type=\"widget\" data-widget_type=\"text-editor.default\">\n\t\t\t\t<div class=\"elementor-widget-container\">\n\t\t\t\t\t\t\tBy accepting this Privacy Policy, the user is informed and gives their free, informed, specific and unequivocal consent so that the personal data provided through the website located at the URL www.santospi.es (hereinafter , the \u201cWebsite\u201d) are processed by SANTOS PROPIEDAD INDUSTRIAL, S.L., as well as the data derived from your browsing and any other data that may be provided in the future to SANTOS PROPIEDAD INDUSTRIAL, S.L. \t\t\t\t\t\t<\/div>\n\t\t\t\t<\/div>\n\t\t\t\t<div class=\"elementor-element elementor-element-78981a1 elementor-widget elementor-widget-heading\" data-id=\"78981a1\" data-element_type=\"widget\" data-widget_type=\"heading.default\">\n\t\t\t\t<div class=\"elementor-widget-container\">\n\t\t\t<h5 class=\"elementor-heading-title elementor-size-default\">3. OBLIGATORY TO PROVIDE THE DATA\n\n\n\n\n<\/h5>\t\t<\/div>\n\t\t\t\t<\/div>\n\t\t\t\t<div class=\"elementor-element elementor-element-7ecb553 elementor-widget elementor-widget-text-editor\" data-id=\"7ecb553\" data-element_type=\"widget\" data-widget_type=\"text-editor.default\">\n\t\t\t\t<div class=\"elementor-widget-container\">\n\t\t\t\t\t\t\tThe data requested in the forms on the Website are generally mandatory (unless otherwise specified in the required field) to fulfill the established purposes.\nTherefore, if they are not provided or are not provided correctly, they will not be able to be addressed, without prejudice to the fact that you will be able to freely view the content of the Website.\t\t\t\t\t\t<\/div>\n\t\t\t\t<\/div>\n\t\t\t\t<div class=\"elementor-element elementor-element-c53502e elementor-widget elementor-widget-heading\" data-id=\"c53502e\" data-element_type=\"widget\" data-widget_type=\"heading.default\">\n\t\t\t\t<div class=\"elementor-widget-container\">\n\t\t\t<h5 class=\"elementor-heading-title elementor-size-default\">4. FOR WHAT PURPOSE WILL SANTOS PROPIEDAD INDUSTRIAL, S.L. THE USER'S PERSONAL DATA?\n\n\n\n\n\n\n<\/h5>\t\t<\/div>\n\t\t\t\t<\/div>\n\t\t\t\t<div class=\"elementor-element elementor-element-bdf5680 elementor-widget elementor-widget-text-editor\" data-id=\"bdf5680\" data-element_type=\"widget\" data-widget_type=\"text-editor.default\">\n\t\t\t\t<div class=\"elementor-widget-container\">\n\t\t\t\t\t\t\tThe personal data provided through the Website will be processed by SANTOS PROPIEDAD INDUSTRIAL, S.L. according to the following purposes:\n\t\t\t\t\t\t<\/div>\n\t\t\t\t<\/div>\n\t\t\t\t<div class=\"elementor-element elementor-element-e00c4d9 elementor-widget elementor-widget-text-editor\" data-id=\"e00c4d9\" data-element_type=\"widget\" data-widget_type=\"text-editor.default\">\n\t\t\t\t<div class=\"elementor-widget-container\">\n\t\t\t\t\t\t\t<ol>\n \t<li>Data provided for sending the Newsletter:\n<ul>\n \t<li>Manage the subscription and\/or unsubscription of the Newsletter, carried out through the channel provided on the SANTOS PROPIEDAD INDUSTRIAL, S.L. Website.<\/li>\n<\/ul>\n<\/li>\n<li>Data provided in the contact forms:\n<ul>\n \t<li>Manage user contact and information requests through the channels provided for this purpose on the websites of SANTOS PROPIEDAD INDUSTRIAL, S.L..<\/li>\n<li>Management of the petition raised.<\/li>\n<li>Carry out analysis on the use of the Website and check the preferences and behavior of users.<\/li>\n<\/ul>\n<\/li>\n<\/ol>\t\t\t\t\t\t<\/div>\n\t\t\t\t<\/div>\n\t\t\t\t<div class=\"elementor-element elementor-element-34b0791 elementor-widget elementor-widget-heading\" data-id=\"34b0791\" data-element_type=\"widget\" data-widget_type=\"heading.default\">\n\t\t\t\t<div class=\"elementor-widget-container\">\n\t\t\t<h5 class=\"elementor-heading-title elementor-size-default\">5. WHAT USER DATA WILL SANTOS PROPIEDAD INDUSTRIAL, S.L. PROCESS?\n\n\n\n\n\n<\/h5>\t\t<\/div>\n\t\t\t\t<\/div>\n\t\t\t\t<div class=\"elementor-element elementor-element-2c6cdb0 elementor-widget elementor-widget-text-editor\" data-id=\"2c6cdb0\" data-element_type=\"widget\" data-widget_type=\"text-editor.default\">\n\t\t\t\t<div class=\"elementor-widget-container\">\n\t\t\t\t\t\t\tSANTOS INDUSTRIAL PROPERTY, S.L. will process the following categories of user data:\n\n\t\t\t\t\t\t<\/div>\n\t\t\t\t<\/div>\n\t\t\t\t<div class=\"elementor-element elementor-element-9ebb94e elementor-widget elementor-widget-text-editor\" data-id=\"9ebb94e\" data-element_type=\"widget\" data-widget_type=\"text-editor.default\">\n\t\t\t\t<div class=\"elementor-widget-container\">\n\t\t\t\t\t\t\t<ol>\n \t<li>Data provided for sending the Newsletter:\n<ul>\n \t<li>Identification data: name, last name.<\/li>\n<li>Contact information: email address.<\/li>\n<\/ul>\n<\/li>\n \t<li>Data provided in the contact forms:\n<ul>\n \t<li>Identification data: name, last name<\/li>\n \t<li>Contact information: email address.<\/li>\n \t<li>Other data: data provided by the interested parties themselves in the open fields of the forms provided on the Website or in the attached documents.<\/li>\n<li>Navigation data.<\/li>\n<\/ul>\n<\/li>\n<\/ol>\t\t\t\t\t\t<\/div>\n\t\t\t\t<\/div>\n\t\t\t\t<div class=\"elementor-element elementor-element-d6c7077 elementor-widget elementor-widget-heading\" data-id=\"d6c7077\" data-element_type=\"widget\" data-widget_type=\"heading.default\">\n\t\t\t\t<div class=\"elementor-widget-container\">\n\t\t\t<h5 class=\"elementor-heading-title elementor-size-default\">6. WHAT IS THE LEGITIMATION OF THE PROCESSING OF USER DATA?\n\n\n\n\n\n\n\n<\/h5>\t\t<\/div>\n\t\t\t\t<\/div>\n\t\t\t\t<div class=\"elementor-element elementor-element-278eb32 elementor-widget elementor-widget-text-editor\" data-id=\"278eb32\" data-element_type=\"widget\" data-widget_type=\"text-editor.default\">\n\t\t\t\t<div class=\"elementor-widget-container\">\n\t\t\t\t\t\t\tThe legitimacy of the processing of your personal data will be the following:\n\t\t\t\t\t\t<\/div>\n\t\t\t\t<\/div>\n\t\t\t\t<div class=\"elementor-element elementor-element-a597b2d elementor-widget elementor-widget-text-editor\" data-id=\"a597b2d\" data-element_type=\"widget\" data-widget_type=\"text-editor.default\">\n\t\t\t\t<div class=\"elementor-widget-container\">\n\t\t\t\t\t\t\t<ol><li>Sending the Newsletter: with the consent given by the user.<\/li><li>For sending contact forms: in the consent given by the user. For the execution of analysis on the use of the website, the legitimate interest of SANTOS PROPIEDAD INDUSTRIAL, S.L..<\/li><\/ol>\t\t\t\t\t\t<\/div>\n\t\t\t\t<\/div>\n\t\t\t\t<div class=\"elementor-element elementor-element-0dcc08c elementor-widget elementor-widget-text-editor\" data-id=\"0dcc08c\" data-element_type=\"widget\" data-widget_type=\"text-editor.default\">\n\t\t\t\t<div class=\"elementor-widget-container\">\n\t\t\t\t\t\t\tThe consents obtained for the aforementioned purposes are independent, so the user may revoke only one of them without affecting the others.\t\t\t\t\t\t<\/div>\n\t\t\t\t<\/div>\n\t\t\t\t<div class=\"elementor-element elementor-element-d52a31f elementor-widget elementor-widget-text-editor\" data-id=\"d52a31f\" data-element_type=\"widget\" data-widget_type=\"text-editor.default\">\n\t\t\t\t<div class=\"elementor-widget-container\">\n\t\t\t\t\t\t\tTo revoke said consent, the User may contact SANTOS PROPIEDAD INDUSTRIAL, S.L. via email: info@santospi.es\t\t\t\t\t\t<\/div>\n\t\t\t\t<\/div>\n\t\t\t\t<div class=\"elementor-element elementor-element-9ab2f26 elementor-widget elementor-widget-heading\" data-id=\"9ab2f26\" data-element_type=\"widget\" data-widget_type=\"heading.default\">\n\t\t\t\t<div class=\"elementor-widget-container\">\n\t\t\t<h5 class=\"elementor-heading-title elementor-size-default\">7. WITH WHICH RECIPIENTS WILL USER DATA BE SHARED?\n\n\n\n\n\n\n<\/h5>\t\t<\/div>\n\t\t\t\t<\/div>\n\t\t\t\t<div class=\"elementor-element elementor-element-85f2abc elementor-widget elementor-widget-text-editor\" data-id=\"85f2abc\" data-element_type=\"widget\" data-widget_type=\"text-editor.default\">\n\t\t\t\t<div class=\"elementor-widget-container\">\n\t\t\t\t\t\t\tUser data may be communicated to:\t\t\t\t\t\t<\/div>\n\t\t\t\t<\/div>\n\t\t\t\t<div class=\"elementor-element elementor-element-b5f3c65 elementor-widget elementor-widget-text-editor\" data-id=\"b5f3c65\" data-element_type=\"widget\" data-widget_type=\"text-editor.default\">\n\t\t\t\t<div class=\"elementor-widget-container\">\n\t\t\t\t\t\t\t<ol>\n \t<li>Data provided for sending the Newsletter.<\/li>\n \t<li>Data provided in the contact forms, solely for internal administrative purposes and\/or for the purposes indicated above.\nAdditionally, the data may be accessible by suppliers of SANTOS PROPIEDAD INDUSTRIAL, S.L., said access being necessary for adequate compliance with legal obligations and\/or the purposes indicated above. These providers will not process your data for their own purposes that have not been previously informed by SANTOS PROPIEDAD INDUSTRIAL, S.L..<\/li>\n<\/ol>\t\t\t\t\t\t<\/div>\n\t\t\t\t<\/div>\n\t\t\t\t<div class=\"elementor-element elementor-element-e48b26c elementor-widget elementor-widget-heading\" data-id=\"e48b26c\" data-element_type=\"widget\" data-widget_type=\"heading.default\">\n\t\t\t\t<div class=\"elementor-widget-container\">\n\t\t\t<h5 class=\"elementor-heading-title elementor-size-default\">8. DATA CONSERVATION\n\n\n\n\n\n\n<\/h5>\t\t<\/div>\n\t\t\t\t<\/div>\n\t\t\t\t<div class=\"elementor-element elementor-element-84879e7 elementor-widget elementor-widget-text-editor\" data-id=\"84879e7\" data-element_type=\"widget\" data-widget_type=\"text-editor.default\">\n\t\t\t\t<div class=\"elementor-widget-container\">\n\t\t\t\t\t\t\tUser data may be communicated to:\t\t\t\t\t\t<\/div>\n\t\t\t\t<\/div>\n\t\t\t\t<div class=\"elementor-element elementor-element-4add8e1 elementor-widget elementor-widget-text-editor\" data-id=\"4add8e1\" data-element_type=\"widget\" data-widget_type=\"text-editor.default\">\n\t\t\t\t<div class=\"elementor-widget-container\">\n\t\t\t\t\t\t\t<ol>\n \t<li>Data provided to send the Newsletter: will be kept as long as the user does not revoke the consent given for this purpose.<\/li>\n \t<li>Data provided in contact forms: will be kept for the period necessary to process and respond to your request and, once completed, during the limitation period for legal actions derived from the aforementioned request.<\/li>\n<\/ol>\t\t\t\t\t\t<\/div>\n\t\t\t\t<\/div>\n\t\t\t\t<div class=\"elementor-element elementor-element-744b513 elementor-widget elementor-widget-heading\" data-id=\"744b513\" data-element_type=\"widget\" data-widget_type=\"heading.default\">\n\t\t\t\t<div class=\"elementor-widget-container\">\n\t\t\t<h5 class=\"elementor-heading-title elementor-size-default\">9. USER RESPONSIBILITY\n\n\n\n\n\n\n<\/h5>\t\t<\/div>\n\t\t\t\t<\/div>\n\t\t\t\t<div class=\"elementor-element elementor-element-5b60c72 elementor-widget elementor-widget-text-editor\" data-id=\"5b60c72\" data-element_type=\"widget\" data-widget_type=\"text-editor.default\">\n\t\t\t\t<div class=\"elementor-widget-container\">\n\t\t\t\t\t\t\tThe user:\t\t\t\t\t\t<\/div>\n\t\t\t\t<\/div>\n\t\t\t\t<div class=\"elementor-element elementor-element-63c6d3c elementor-widget elementor-widget-text-editor\" data-id=\"63c6d3c\" data-element_type=\"widget\" data-widget_type=\"text-editor.default\">\n\t\t\t\t<div class=\"elementor-widget-container\">\n\t\t\t\t\t\t\t<ul>\n \t<li>You guarantee that you are over eighteen (18) years of age and that the data you provide to SANTOS PROPIEDAD INDUSTRIAL, S.L. are true, accurate, complete and up-to-date. For these purposes, the user is responsible for the veracity of all the data communicated and will keep the information provided appropriately updated, in such a way that it responds to their real situation.<\/li>\n \t<li>You guarantee that you have informed the third parties of whom you provide your data, if you do so, of the aspects contained in this document. Likewise, you guarantee that you have obtained your authorization to provide your data to SANTOS PROPIEDAD INDUSTRIAL, S.L. for the stated purposes.<\/li>\n<li>You will be responsible for any false or inaccurate information provided through the Website and for any damages, direct or indirect, that this causes to SANTOS PROPIEDAD INDUSTRIAL, S.L. or to third parties.<\/li>\n<\/ul>\t\t\t\t\t\t<\/div>\n\t\t\t\t<\/div>\n\t\t\t\t<div class=\"elementor-element elementor-element-b52f4aa elementor-widget elementor-widget-heading\" data-id=\"b52f4aa\" data-element_type=\"widget\" data-widget_type=\"heading.default\">\n\t\t\t\t<div class=\"elementor-widget-container\">\n\t\t\t<h5 class=\"elementor-heading-title elementor-size-default\">10. EXERCISE OF RIGHTS\n\n\n\n\n\n\n\n<\/h5>\t\t<\/div>\n\t\t\t\t<\/div>\n\t\t\t\t<div class=\"elementor-element elementor-element-528107e elementor-widget elementor-widget-text-editor\" data-id=\"528107e\" data-element_type=\"widget\" data-widget_type=\"text-editor.default\">\n\t\t\t\t<div class=\"elementor-widget-container\">\n\t\t\t\t\t\t\tThe user can send a letter to SANTOS PROPIEDAD INDUSTRIAL, S.L., to the address indicated in the header of this Policy, or by email to the address SANTOS PROPIEDAD INDUSTRIAL, S.L., attaching a photocopy of their identity document, at any time and free of charge, to:\n\n\t\t\t\t\t\t<\/div>\n\t\t\t\t<\/div>\n\t\t\t\t<div class=\"elementor-element elementor-element-7ae9e37 elementor-widget elementor-widget-text-editor\" data-id=\"7ae9e37\" data-element_type=\"widget\" data-widget_type=\"text-editor.default\">\n\t\t\t\t<div class=\"elementor-widget-container\">\n\t\t\t\t\t\t\t<ul><li>Revoke the consents granted.<\/li><li>Obtain confirmation about whether SANTOS PROPIEDAD INDUSTRIAL, S.L. personal data that concerns the user or not is being processed.<\/li><li>Access your personal data.<br \/>Rectify inaccurate or incomplete data.<\/li><li>Request the deletion of your data when, among other reasons, the data is no longer necessary for the purposes for which it was collected.<\/li><li>Obtain from SANTOS PROPIEDAD INDUSTRIAL, S.L. the limitation of data processing when any of the conditions set out in the data protection regulations are met.<\/li><li>Request the portability of the data provided by the User in those cases provided for in the regulations.<\/li><li>Contact the DPO of SANTOS PROPIEDAD INDUSTRIAL, S.L. through the following address: info@santospi.es<\/li><li>File a claim regarding the protection of your personal data with the Spanish Data Protection Agency at Calle de Jorge Juan, 6, 28001 Madrid, when the interested party considers that SANTOS PROPIEDAD INDUSTRIAL, S.L. has violated the rights recognized by the applicable data protection regulations.<\/li><\/ul>\t\t\t\t\t\t<\/div>\n\t\t\t\t<\/div>\n\t\t\t\t<div class=\"elementor-element elementor-element-02022c1 elementor-widget elementor-widget-heading\" data-id=\"02022c1\" data-element_type=\"widget\" data-widget_type=\"heading.default\">\n\t\t\t\t<div class=\"elementor-widget-container\">\n\t\t\t<h5 class=\"elementor-heading-title elementor-size-default\">11. SECURITY MEASURES\n\n\n\n\n\n\n\n\n<\/h5>\t\t<\/div>\n\t\t\t\t<\/div>\n\t\t\t\t<div class=\"elementor-element elementor-element-75e9b27 elementor-widget elementor-widget-text-editor\" data-id=\"75e9b27\" data-element_type=\"widget\" data-widget_type=\"text-editor.default\">\n\t\t\t\t<div class=\"elementor-widget-container\">\n\t\t\t\t\t\t\tSANTOS INDUSTRIAL PROPERTY, S.L. will treat the user's data at all times in an absolutely confidential manner and maintaining the mandatory duty of secrecy with respect to them, in accordance with the provisions of the applicable regulations, adopting for this purpose the necessary technical and organizational measures to guarantee security. of your data and prevent its alteration, loss, processing or unauthorized access, taking into account the state of technology, the nature of the stored data and the risks to which they are exposed.\n\n\t\t\t\t\t\t<\/div>\n\t\t\t\t<\/div>\n\t\t\t\t<div class=\"elementor-element elementor-element-2308a20 elementor-widget elementor-widget-text-editor\" data-id=\"2308a20\" data-element_type=\"widget\" data-widget_type=\"text-editor.default\">\n\t\t\t\t<div class=\"elementor-widget-container\">\n\t\t\t\t\t\t\tLast updated: May 25, 2018.\n\n\t\t\t\t\t\t<\/div>\n\t\t\t\t<\/div>\n\t\t\t\t<\/div>\n\t\t\t\t\t<\/div>\n\t\t\t\t<\/div>\n\t\t\t\t\t\t\t<\/div>","protected":false},"excerpt":{"rendered":"<p>Pol\u00edtica de Privacidad 1. IDENTIFICACI\u00d3N Identidad: SANTOS PROPIEDAD INDUSTRIAL, S.L. NIF: B81734246 Direcci\u00f3n: Urb Montepr\u00edncipe. P\u00ba Sauces 14, 22. 28660 Boadilla del Monte (Madrid) ESPA\u00d1A Delegado de Protecci\u00f3n de Datos (DPO): puede contactar con nuestro DPO a trav\u00e9s de los siguientes medios: Correo electr\u00f3nico: info@santospi.es Indicando en la referencia \u201cDelegado de Protecci\u00f3n de Datos\u201d. 2. &hellip;<\/p>\n<p class=\"read-more\"> <a class=\"\" href=\"https:\/\/santospi.com\/en\/politica-de-privacidad\"> <span class=\"screen-reader-text\">Privacy Policy<\/span> Read More &raquo;<\/a><\/p>","protected":false},"author":1,"featured_media":0,"parent":0,"menu_order":0,"comment_status":"closed","ping_status":"closed","template":"elementor_header_footer","meta":{"site-sidebar-layout":"no-sidebar","site-content-layout":"page-builder","ast-site-content-layout":"","site-content-style":"default","site-sidebar-style":"default","ast-global-header-display":"","ast-banner-title-visibility":"","ast-main-header-display":"","ast-hfb-above-header-display":"","ast-hfb-below-header-display":"","ast-hfb-mobile-header-display":"","site-post-title":"disabled","ast-breadcrumbs-content":"disabled","ast-featured-img":"disabled","footer-sml-layout":"","theme-transparent-header-meta":"enabled","adv-header-id-meta":"","stick-header-meta":"","header-above-stick-meta":"","header-main-stick-meta":"","header-below-stick-meta":"","astra-migrate-meta-layouts":"","ast-page-background-enabled":"default","ast-page-background-meta":{"desktop":{"background-color":"","background-image":"","background-repeat":"repeat","background-position":"center center","background-size":"auto","background-attachment":"scroll","background-type":"","background-media":"","overlay-type":"","overlay-color":"","overlay-gradient":""},"tablet":{"background-color":"","background-image":"","background-repeat":"repeat","background-position":"center center","background-size":"auto","background-attachment":"scroll","background-type":"","background-media":"","overlay-type":"","overlay-color":"","overlay-gradient":""},"mobile":{"background-color":"","background-image":"","background-repeat":"repeat","background-position":"center center","background-size":"auto","background-attachment":"scroll","background-type":"","background-media":"","overlay-type":"","overlay-color":"","overlay-gradient":""}},"ast-content-background-meta":{"desktop":{"background-color":"var(--ast-global-color-5)","background-image":"","background-repeat":"repeat","background-position":"center center","background-size":"auto","background-attachment":"scroll","background-type":"","background-media":"","overlay-type":"","overlay-color":"","overlay-gradient":""},"tablet":{"background-color":"var(--ast-global-color-5)","background-image":"","background-repeat":"repeat","background-position":"center center","background-size":"auto","background-attachment":"scroll","background-type":"","background-media":"","overlay-type":"","overlay-color":"","overlay-gradient":""},"mobile":{"background-color":"var(--ast-global-color-5)","background-image":"","background-repeat":"repeat","background-position":"center center","background-size":"auto","background-attachment":"scroll","background-type":"","background-media":"","overlay-type":"","overlay-color":"","overlay-gradient":""}},"footnotes":""},"class_list":["post-1945","page","type-page","status-publish","hentry"],"_links":{"self":[{"href":"https:\/\/santospi.com\/en\/wp-json\/wp\/v2\/pages\/1945","targetHints":{"allow":["GET"]}}],"collection":[{"href":"https:\/\/santospi.com\/en\/wp-json\/wp\/v2\/pages"}],"about":[{"href":"https:\/\/santospi.com\/en\/wp-json\/wp\/v2\/types\/page"}],"author":[{"embeddable":true,"href":"https:\/\/santospi.com\/en\/wp-json\/wp\/v2\/users\/1"}],"replies":[{"embeddable":true,"href":"https:\/\/santospi.com\/en\/wp-json\/wp\/v2\/comments?post=1945"}],"version-history":[{"count":31,"href":"https:\/\/santospi.com\/en\/wp-json\/wp\/v2\/pages\/1945\/revisions"}],"predecessor-version":[{"id":2205,"href":"https:\/\/santospi.com\/en\/wp-json\/wp\/v2\/pages\/1945\/revisions\/2205"}],"wp:attachment":[{"href":"https:\/\/santospi.com\/en\/wp-json\/wp\/v2\/media?parent=1945"}],"curies":[{"name":"wp","href":"https:\/\/api.w.org\/{rel}","templated":true}]}}