{"id":1937,"date":"2023-11-29T12:09:37","date_gmt":"2023-11-29T12:09:37","guid":{"rendered":"https:\/\/santospi.com\/?page_id=1937"},"modified":"2023-12-16T02:50:41","modified_gmt":"2023-12-16T02:50:41","slug":"terminos-de-uso-y-aviso-legal","status":"publish","type":"page","link":"https:\/\/santospi.com\/en\/terminos-de-uso-y-aviso-legal","title":{"rendered":"Terms of use and legal notice"},"content":{"rendered":"<div data-elementor-type=\"wp-page\" data-elementor-id=\"1937\" class=\"elementor elementor-1937\">\n\t\t\t\t\t\t\t<div class=\"elementor-element elementor-element-o2k5s7m e-flex e-con-boxed e-con e-parent\" data-id=\"o2k5s7m\" data-element_type=\"container\" data-settings=\"{&quot;background_background&quot;:&quot;classic&quot;,&quot;container_type&quot;:&quot;flex&quot;,&quot;content_width&quot;:&quot;boxed&quot;}\" data-core-v316-plus=\"true\">\n\t\t\t\t\t<div class=\"e-con-inner\">\n\t\t<div class=\"elementor-element elementor-element-4068cfc e-con-full e-flex e-con e-child\" data-id=\"4068cfc\" data-element_type=\"container\" data-settings=\"{&quot;content_width&quot;:&quot;full&quot;,&quot;container_type&quot;:&quot;flex&quot;}\">\n\t\t\t\t<div class=\"elementor-element elementor-element-8fe5cbe elementor-widget elementor-widget-heading\" data-id=\"8fe5cbe\" data-element_type=\"widget\" data-widget_type=\"heading.default\">\n\t\t\t\t<div class=\"elementor-widget-container\">\n\t\t\t<style>\/*! elementor - v3.18.0 - 08-12-2023 *\/\n.elementor-heading-title{padding:0;margin:0;line-height:1}.elementor-widget-heading .elementor-heading-title[class*=elementor-size-]>a{color:inherit;font-size:inherit;line-height:inherit}.elementor-widget-heading .elementor-heading-title.elementor-size-small{font-size:15px}.elementor-widget-heading .elementor-heading-title.elementor-size-medium{font-size:19px}.elementor-widget-heading .elementor-heading-title.elementor-size-large{font-size:29px}.elementor-widget-heading .elementor-heading-title.elementor-size-xl{font-size:39px}.elementor-widget-heading .elementor-heading-title.elementor-size-xxl{font-size:59px}<\/style><h1 class=\"elementor-heading-title elementor-size-default\">Terms of use and legal notice\n<\/h1>\t\t<\/div>\n\t\t\t\t<\/div>\n\t\t\t\t<\/div>\n\t\t\t\t\t<\/div>\n\t\t\t\t<\/div>\n\t\t<div class=\"elementor-element elementor-element-0janfhe e-flex e-con-boxed e-con e-parent\" data-id=\"0janfhe\" data-element_type=\"container\" data-settings=\"{&quot;container_type&quot;:&quot;flex&quot;,&quot;content_width&quot;:&quot;boxed&quot;}\" data-core-v316-plus=\"true\">\n\t\t\t\t\t<div class=\"e-con-inner\">\n\t\t<div class=\"elementor-element elementor-element-f51f648 e-con-full e-flex e-con e-child\" data-id=\"f51f648\" data-element_type=\"container\" data-settings=\"{&quot;background_background&quot;:&quot;classic&quot;,&quot;content_width&quot;:&quot;full&quot;,&quot;container_type&quot;:&quot;flex&quot;}\">\n\t\t\t\t<div class=\"elementor-element elementor-element-2be9512 elementor-widget elementor-widget-heading\" data-id=\"2be9512\" data-element_type=\"widget\" data-widget_type=\"heading.default\">\n\t\t\t\t<div class=\"elementor-widget-container\">\n\t\t\t<h5 class=\"elementor-heading-title elementor-size-default\">INFORMATION OF THE WEBSITE OWNER\n<\/h5>\t\t<\/div>\n\t\t\t\t<\/div>\n\t\t\t\t<div class=\"elementor-element elementor-element-915ce1c elementor-widget elementor-widget-text-editor\" data-id=\"915ce1c\" data-element_type=\"widget\" data-widget_type=\"text-editor.default\">\n\t\t\t\t<div class=\"elementor-widget-container\">\n\t\t\t<style>\/*! elementor - v3.18.0 - 08-12-2023 *\/\n.elementor-widget-text-editor.elementor-drop-cap-view-stacked .elementor-drop-cap{background-color:#69727d;color:#fff}.elementor-widget-text-editor.elementor-drop-cap-view-framed .elementor-drop-cap{color:#69727d;border:3px solid;background-color:transparent}.elementor-widget-text-editor:not(.elementor-drop-cap-view-default) .elementor-drop-cap{margin-top:8px}.elementor-widget-text-editor:not(.elementor-drop-cap-view-default) .elementor-drop-cap-letter{width:1em;height:1em}.elementor-widget-text-editor .elementor-drop-cap{float:left;text-align:center;line-height:1;font-size:50px}.elementor-widget-text-editor .elementor-drop-cap-letter{display:inline-block}<\/style>\t\t\t\twww.santospi.es is a website owned by SANTOS PROPIEDAD INDUSTRIAL, S.L. with CIF B81734246, address Urb. Montepr\u00edncipe, P\u00ba Sauces 14, 22. 28660 Boadilla del Monte (Madrid), SPAIN, email info@santospi.es\t\t\t\t\t\t<\/div>\n\t\t\t\t<\/div>\n\t\t\t\t<div class=\"elementor-element elementor-element-0288a07 elementor-widget elementor-widget-heading\" data-id=\"0288a07\" data-element_type=\"widget\" data-widget_type=\"heading.default\">\n\t\t\t\t<div class=\"elementor-widget-container\">\n\t\t\t<h5 class=\"elementor-heading-title elementor-size-default\">USE OF THE WEBSITE, APPLICABLE LEGISLATION AND DISPUTE RESOLUTION\n<\/h5>\t\t<\/div>\n\t\t\t\t<\/div>\n\t\t\t\t<div class=\"elementor-element elementor-element-42fee0b elementor-widget elementor-widget-text-editor\" data-id=\"42fee0b\" data-element_type=\"widget\" data-widget_type=\"text-editor.default\">\n\t\t\t\t<div class=\"elementor-widget-container\">\n\t\t\t\t\t\t\tAccess to the website implies respect for the rules of use of SANTOS PROPIEDAD INDUSTRIAL, S.L. and as provided in current legislation, the user refraining from using it for purposes or effects that are illicit, prohibited or harmful to the interests or rights of third parties. Otherwise, the user will refrain from accessing www.santospi.es. The user undertakes to use the information contained in this website for their particular needs unrelated to their business or professional activity, and not to directly or indirectly carry out any type of commercial exploitation of the contents and services to which they have access. The user will have the right to free access to the public information collected therein.\t\t\t\t\t\t<\/div>\n\t\t\t\t<\/div>\n\t\t\t\t<div class=\"elementor-element elementor-element-b0549d1 elementor-widget elementor-widget-text-editor\" data-id=\"b0549d1\" data-element_type=\"widget\" data-widget_type=\"text-editor.default\">\n\t\t\t\t<div class=\"elementor-widget-container\">\n\t\t\t\t\t\t\twww.santospi.es may offer links to other third-party websites, the content of which may vary outside the scope of SANTOS PROPIEDAD INDUSTRIAL, S.L.; For this reason, this entity is not responsible for the information, services and content in general of said third-party websites.\t\t\t\t\t\t<\/div>\n\t\t\t\t<\/div>\n\t\t\t\t<div class=\"elementor-element elementor-element-93407b3 elementor-widget elementor-widget-text-editor\" data-id=\"93407b3\" data-element_type=\"widget\" data-widget_type=\"text-editor.default\">\n\t\t\t\t<div class=\"elementor-widget-container\">\n\t\t\t\t\t\t\tBoth the contents of the website and this legal notice are subject to any variations that SANTOS PROPIEDAD INDUSTRIAL, S.L. consider appropriate.\t\t\t\t\t\t<\/div>\n\t\t\t\t<\/div>\n\t\t\t\t<div class=\"elementor-element elementor-element-51a3e55 elementor-widget elementor-widget-text-editor\" data-id=\"51a3e55\" data-element_type=\"widget\" data-widget_type=\"text-editor.default\">\n\t\t\t\t<div class=\"elementor-widget-container\">\n\t\t\t\t\t\t\twww.santospi.es is regulated by Spanish regulations. Any conflict derived from or related to said website will be resolved by the competent courts in accordance with Spanish procedural rules.\t\t\t\t\t\t<\/div>\n\t\t\t\t<\/div>\n\t\t\t\t<div class=\"elementor-element elementor-element-cb038bf elementor-widget elementor-widget-heading\" data-id=\"cb038bf\" data-element_type=\"widget\" data-widget_type=\"heading.default\">\n\t\t\t\t<div class=\"elementor-widget-container\">\n\t\t\t<h5 class=\"elementor-heading-title elementor-size-default\">INTELLECTUAL PROPERTY\n<\/h5>\t\t<\/div>\n\t\t\t\t<\/div>\n\t\t\t\t<div class=\"elementor-element elementor-element-46cef1e elementor-widget elementor-widget-text-editor\" data-id=\"46cef1e\" data-element_type=\"widget\" data-widget_type=\"text-editor.default\">\n\t\t\t\t<div class=\"elementor-widget-container\">\n\t\t\t\t\t\t\tAll contents of www.santospi.es, unless expressly indicated, are the property of SANTOS PROPIEDAD INDUSTRIAL, S.L. or has authorization for its dissemination, and are subject to the protection of Spanish, national and international regulations. The use for commercial purposes of any of the content incorporated on the website www.santospi.es is prohibited, whether it is its own content or that of third parties who have not consented to such treatment. However, said contents may be used for non-commercial uses with the sole requirement of citing its source (as follows: \"Source of information: www.santospi.es\"), without this in any case implying a waiver of the exercise of rights. rights that correspond to you. The citation made in this way cannot distort the meaning of the information reproduced.\t\t\t\t\t\t<\/div>\n\t\t\t\t<\/div>\n\t\t\t\t<div class=\"elementor-element elementor-element-6744bd1 elementor-widget elementor-widget-text-editor\" data-id=\"6744bd1\" data-element_type=\"widget\" data-widget_type=\"text-editor.default\">\n\t\t\t\t<div class=\"elementor-widget-container\">\n\t\t\t\t\t\t\tThe contents of www.santospi.es are merely informative. SANTOS INDUSTRIAL PROPERTY, S.L. does not assume any responsibility in case of inaccuracies or errors, nor for the adverse consequences of decisions made based on said content even if they were inaccurate.\t\t\t\t\t\t<\/div>\n\t\t\t\t<\/div>\n\t\t\t\t<\/div>\n\t\t\t\t\t<\/div>\n\t\t\t\t<\/div>\n\t\t\t\t\t\t\t<\/div>","protected":false},"excerpt":{"rendered":"<p>T\u00e9rminos de uso y aviso legal INFORMACI\u00d3N DEL TITULAR DE LA WEB www.santospi.es es una p\u00e1gina web titularidad de SANTOS PROPIEDAD INDUSTRIAL, S.L. con CIF B81734246, domicilio Urb. Montepr\u00edncipe, P\u00ba Sauces 14, 22. 28660 Boadilla del Monte (Madrid), ESPA\u00d1A, correo electr\u00f3nico info@santospi.es USO DE LA WEB, LEGISLACI\u00d3N APLICABLE Y RESOLUCI\u00d3N DE CONFLICTOS El acceso a &hellip;<\/p>\n<p class=\"read-more\"> <a class=\"\" href=\"https:\/\/santospi.com\/en\/terminos-de-uso-y-aviso-legal\"> <span class=\"screen-reader-text\">Terms of use and legal notice<\/span> Read More &raquo;<\/a><\/p>","protected":false},"author":1,"featured_media":0,"parent":0,"menu_order":0,"comment_status":"closed","ping_status":"closed","template":"elementor_header_footer","meta":{"site-sidebar-layout":"no-sidebar","site-content-layout":"page-builder","ast-site-content-layout":"","site-content-style":"default","site-sidebar-style":"default","ast-global-header-display":"","ast-banner-title-visibility":"","ast-main-header-display":"","ast-hfb-above-header-display":"","ast-hfb-below-header-display":"","ast-hfb-mobile-header-display":"","site-post-title":"disabled","ast-breadcrumbs-content":"disabled","ast-featured-img":"disabled","footer-sml-layout":"","theme-transparent-header-meta":"enabled","adv-header-id-meta":"","stick-header-meta":"","header-above-stick-meta":"","header-main-stick-meta":"","header-below-stick-meta":"","astra-migrate-meta-layouts":"","ast-page-background-enabled":"default","ast-page-background-meta":{"desktop":{"background-color":"","background-image":"","background-repeat":"repeat","background-position":"center center","background-size":"auto","background-attachment":"scroll","background-type":"","background-media":"","overlay-type":"","overlay-color":"","overlay-gradient":""},"tablet":{"background-color":"","background-image":"","background-repeat":"repeat","background-position":"center center","background-size":"auto","background-attachment":"scroll","background-type":"","background-media":"","overlay-type":"","overlay-color":"","overlay-gradient":""},"mobile":{"background-color":"","background-image":"","background-repeat":"repeat","background-position":"center center","background-size":"auto","background-attachment":"scroll","background-type":"","background-media":"","overlay-type":"","overlay-color":"","overlay-gradient":""}},"ast-content-background-meta":{"desktop":{"background-color":"var(--ast-global-color-5)","background-image":"","background-repeat":"repeat","background-position":"center center","background-size":"auto","background-attachment":"scroll","background-type":"","background-media":"","overlay-type":"","overlay-color":"","overlay-gradient":""},"tablet":{"background-color":"var(--ast-global-color-5)","background-image":"","background-repeat":"repeat","background-position":"center center","background-size":"auto","background-attachment":"scroll","background-type":"","background-media":"","overlay-type":"","overlay-color":"","overlay-gradient":""},"mobile":{"background-color":"var(--ast-global-color-5)","background-image":"","background-repeat":"repeat","background-position":"center center","background-size":"auto","background-attachment":"scroll","background-type":"","background-media":"","overlay-type":"","overlay-color":"","overlay-gradient":""}},"footnotes":""},"class_list":["post-1937","page","type-page","status-publish","hentry"],"_links":{"self":[{"href":"https:\/\/santospi.com\/en\/wp-json\/wp\/v2\/pages\/1937","targetHints":{"allow":["GET"]}}],"collection":[{"href":"https:\/\/santospi.com\/en\/wp-json\/wp\/v2\/pages"}],"about":[{"href":"https:\/\/santospi.com\/en\/wp-json\/wp\/v2\/types\/page"}],"author":[{"embeddable":true,"href":"https:\/\/santospi.com\/en\/wp-json\/wp\/v2\/users\/1"}],"replies":[{"embeddable":true,"href":"https:\/\/santospi.com\/en\/wp-json\/wp\/v2\/comments?post=1937"}],"version-history":[{"count":28,"href":"https:\/\/santospi.com\/en\/wp-json\/wp\/v2\/pages\/1937\/revisions"}],"predecessor-version":[{"id":2202,"href":"https:\/\/santospi.com\/en\/wp-json\/wp\/v2\/pages\/1937\/revisions\/2202"}],"wp:attachment":[{"href":"https:\/\/santospi.com\/en\/wp-json\/wp\/v2\/media?parent=1937"}],"curies":[{"name":"wp","href":"https:\/\/api.w.org\/{rel}","templated":true}]}}